{"id":27,"date":"2017-08-01T11:48:15","date_gmt":"2017-08-01T14:48:15","guid":{"rendered":"https:\/\/carolinacaceres.com\/en\/?page_id=27"},"modified":"2024-11-27T20:18:31","modified_gmt":"2024-11-27T23:18:31","slug":"about-me","status":"publish","type":"page","link":"https:\/\/carolinacaceres.com\/en\/about-me\/","title":{"rendered":"About Me"},"content":{"rendered":"\n<section class=\"wp-block-uagb-columns uagb-columns__wrap uagb-columns__background-color uagb-columns__stack-mobile uagb-columns__valign- uagb-columns__gap-0 align uagb-block-fa9b985b uagb-columns__columns-2 uagb-columns__max_width-theme\"><div class=\"uagb-columns__overlay\"><\/div><div class=\"uagb-columns__inner-wrap uagb-columns__columns-2\">\n<div class=\"wp-block-uagb-column uagb-column__wrap uagb-column__background-undefined uagb-block-afd7fcf9\"><div class=\"uagb-column__overlay\"><\/div>\n<figure class=\"wp-block-image alignleft size-full perfil is-style-rounded\"><img loading=\"lazy\" decoding=\"async\" width=\"700\" height=\"700\" src=\"https:\/\/carolinacaceres.com\/en\/wp-content\/uploads\/2020\/08\/carolina-caceres-coach2.jpg\" alt=\"\" class=\"wp-image-2181\" srcset=\"https:\/\/carolinacaceres.com\/en\/wp-content\/uploads\/2020\/08\/carolina-caceres-coach2.jpg 700w, https:\/\/carolinacaceres.com\/en\/wp-content\/uploads\/2020\/08\/carolina-caceres-coach2-350x350.jpg 350w\" sizes=\"auto, (max-width: 700px) 100vw, 700px\" \/><\/figure>\n<\/div>\n\n\n\n<div class=\"wp-block-uagb-column uagb-column__wrap uagb-column__background-undefined uagb-block-0c10a9a1\"><div class=\"uagb-column__overlay\"><\/div>\n<div class=\"wp-block-uagb-info-box uagb-block-43460088 uagb-infobox__content-wrap  uagb-infobox-icon-above-title uagb-infobox-image-valign-top\"><div class=\"uagb-ifb-content\"><div class=\"uagb-ifb-title-wrap\"><h2 class=\"uagb-ifb-title\">I&#8217;m Carolina C\u00e1ceres<\/h2><\/div><div class=\"uagb-ifb-separator\"><\/div><p class=\"uagb-ifb-desc\">I\u2019m a Professional Coach specialized in guiding and accompanying personal change.<\/p><\/div><\/div>\n<\/div>\n<\/div><\/section>\n\n\n\n<section class=\"wp-block-uagb-section uagb-section__wrap uagb-section__background-undefined uagb-block-decef5bc\"><div class=\"uagb-section__overlay\"><\/div><div class=\"uagb-section__inner-wrap\">\n<p>I help people connect with their genuine passion and those in need to restore their own well-being. I specialize in eliciting what truly makes each person happy and, those who do consult me, start the path of a successful deprogramming of blockages and discovery of their true essence which allows them to enhance their own life choices.<\/p>\n\n\n\n<p>I am a systemic coach and a Bio-neuro-emotion\u00ae partner. I have been working since 2004 in the healthcare field and since 2014, for both individuals and groups, correcting symptoms and disorders through NLP, PSYCH-K\u00ae and Coaching techniques, among other methods and specializations.<\/p>\n\n\n\n<p>I have accomplished more than 20 years of successful experience in the healthcare field; I began developing my vocation as a teenager when I volunteered for the Red Cross. Later on, I went to med-school to become an obstetrician. However, after a full year of study, I decided to completely devote myself into dentistry and, without hesitation, pursued my most genuine interest: emotional and physical healthcare.<\/p>\n\n\n\n<p>Within Bio-neuro-emotion\u00ae I found a way to synthetically and fully develop my profession. I have dedicated most of my career to the recovery of people\u2019s health.<\/p>\n\n\n\n<p>I enjoy being of service in improving life quality, as well as guiding people towards the path they desire and helping them to manage deep emotions. Also finding, alongside this process, the link between symptoms, personal history and emotions.<\/p>\n<\/div><\/section>\n\n\n\n<section class=\"wp-block-uagb-columns uagb-columns__wrap uagb-columns__background-color uagb-columns__stack-mobile uagb-columns__valign- uagb-columns__gap-0 align uagb-columns__reverse-mobile uagb-block-d08b4a12 uagb-columns__columns-2 uagb-columns__max_width-custom\"><div class=\"uagb-columns__overlay\"><\/div><div class=\"uagb-columns__inner-wrap uagb-columns__columns-2\">\n<div class=\"wp-block-uagb-column uagb-column__wrap uagb-column__background-undefined uagb-block-3e52dad5\"><div class=\"uagb-column__overlay\"><\/div><\/div>\n\n\n\n<div class=\"wp-block-uagb-column uagb-column__wrap uagb-column__background-image uagb-block-923206ab\"><div class=\"uagb-column__overlay\"><\/div><\/div>\n<\/div><\/section>\n\n\n\n<section class=\"wp-block-uagb-section uagb-section__wrap uagb-section__background-undefined uagb-block-39d9d2a1\"><div class=\"uagb-section__overlay\"><\/div><div class=\"uagb-section__inner-wrap\">\n<h3 class=\"wp-block-heading has-ast-global-color-0-color has-text-color\">Biography<\/h3>\n\n\n\n<p>I started my obstetrics career at the University of Chile. At the age of 17, as my passion was not clearly nor fully satisfied, I chose to study Dentistry in Buenos Aires. I loved it so much, I specialized in Orthodontics and Maxillary Orthopedics.<\/p>\n\n\n\n<p>While working in my own dental office, I realized that the most important thing, in addition to solving physical symptoms, was that my patients could feel confidence and support, as they were in good hands.<\/p>\n\n\n\n<p>After having my share of painful moments and difficulties in life and being fueled by my passion for health and well-being, I opened to new horizons of training; I studied Professional Coaching, Bio-neuro-emotion\u00ae, Physioenergetics, Jungian Archetypal Psychology, among other therapies, and thus, built new approaches to respond to deeper conflicts.<\/p>\n\n\n\n<p>Today I continue to practice as a dentist, but I devoted myself almost entirely to Professional Coaching and Bio-neuro-emotion\u00ae.<\/p>\n\n\n\n<a name=\"contact\" id=\"contact\"><\/a>\n<\/div><\/section>\n\n\n\n<section class=\"wp-block-uagb-section uagb-section__wrap uagb-section__background-color uagb-block-5c8c9aa8\"><div class=\"uagb-section__overlay\"><\/div><div class=\"uagb-section__inner-wrap\">\n<div class=\"wp-block-uagb-info-box uagb-block-d0de5ab3 uagb-infobox__content-wrap  uagb-infobox-icon-below-title uagb-infobox-image-valign-top uagb-infobox__outer-wrap\"><div class=\"uagb-ifb-content\"><div class=\"uagb-ifb-title-wrap\"><h4 class=\"uagb-ifb-title\">Schedule your 15 minutes chat<\/h4><\/div><p class=\"uagb-ifb-desc\">If you are interested in getting to the bottom of emotions, symptoms and personal history.<\/p><div class=\"uagb-ifb-button-wrapper wp-block-button\"><a href=\"https:\/\/api.whatsapp.com\/send?phone=5491156002224&amp;text=I contact you from your website. Mi name is ...\" class=\"uagb-infobox-cta-link wp-block-button__link\" target=\"_blank\" rel=\"noopener noreferrer\" onclick=\"return true;\"><svg xmlns=\"https:\/\/www.w3.org\/2000\/svg\" viewBox=\"0 0 448 512\"><path d=\"M380.9 97.1C339 55.1 283.2 32 223.9 32c-122.4 0-222 99.6-222 222 0 39.1 10.2 77.3 29.6 111L0 480l117.7-30.9c32.4 17.7 68.9 27 106.1 27h.1c122.3 0 224.1-99.6 224.1-222 0-59.3-25.2-115-67.1-157zm-157 341.6c-33.2 0-65.7-8.9-94-25.7l-6.7-4-69.8 18.3L72 359.2l-4.4-7c-18.5-29.4-28.2-63.3-28.2-98.2 0-101.7 82.8-184.5 184.6-184.5 49.3 0 95.6 19.2 130.4 54.1 34.8 34.9 56.2 81.2 56.1 130.5 0 101.8-84.9 184.6-186.6 184.6zm101.2-138.2c-5.5-2.8-32.8-16.2-37.9-18-5.1-1.9-8.8-2.8-12.5 2.8-3.7 5.6-14.3 18-17.6 21.8-3.2 3.7-6.5 4.2-12 1.4-32.6-16.3-54-29.1-75.5-66-5.7-9.8 5.7-9.1 16.3-30.3 1.8-3.7 .9-6.9-.5-9.7-1.4-2.8-12.5-30.1-17.1-41.2-4.5-10.8-9.1-9.3-12.5-9.5-3.2-.2-6.9-.2-10.6-.2-3.7 0-9.7 1.4-14.8 6.9-5.1 5.6-19.4 19-19.4 46.3 0 27.3 19.9 53.7 22.6 57.4 2.8 3.7 39.1 59.7 94.8 83.8 35.2 15.2 49 16.5 66.6 13.9 10.7-1.6 32.8-13.4 37.4-26.4 4.6-13 4.6-24.1 3.2-26.4-1.3-2.5-5-3.9-10.5-6.6z\"><\/path><\/svg><span class=\"uagb-inline-editing\">+54 9 11 5600-2224<\/span><\/a><\/div><\/div><\/div>\n<\/div><\/section>\n\n\n\n<section class=\"wp-block-uagb-section uagb-section__wrap uagb-section__background-undefined uagb-block-b0f9548d\"><div class=\"uagb-section__overlay\"><\/div><div class=\"uagb-section__inner-wrap\">\n<div class=\"wp-block-uagb-info-box uagb-block-57cde208 uagb-infobox__content-wrap  uagb-infobox-icon-below-title uagb-infobox-image-valign-top\"><div class=\"uagb-ifb-content\"><div class=\"uagb-ifb-title-wrap\"><h4 class=\"uagb-ifb-title\">Follow me on <a href=\"https:\/\/www.instagram.com\/caro.coachsistemico\/\" target=\"_blank\" rel=\"noreferrer noopener nofollow\">Instagram<\/a><\/h4><\/div><\/div><\/div>\n\n\n\n\t\t\t\t<div id=\"wpmi-69f6300046d00\" class=\"wp-my-instagram wpmi\" data-args=\"{&quot;template&quot;:false,&quot;username&quot;:&quot;caro.coachsistemico&quot;,&quot;hashtag&quot;:&quot;&quot;,&quot;limit&quot;:&quot;6&quot;,&quot;size&quot;:&quot;small&quot;,&quot;layout&quot;:&quot;6&quot;,&quot;target&quot;:&quot;_blank&quot;,&quot;link&quot;:&quot;&quot;,&quot;popular&quot;:false}\" data-cached=\"false\">\n\t\t\t\t\t<ul class=\"wpmi-list wpmi-layout-6\">\n\t\t\t\t\t\t\t\t\t\t\t<\/ul>\n\t\t\t\t\t\t\t\t\t<\/div>\n\t\t\t\t\n<\/div><\/section>\n","protected":false},"excerpt":{"rendered":"","protected":false},"author":2,"featured_media":0,"parent":0,"menu_order":0,"comment_status":"closed","ping_status":"closed","template":"","meta":{"_uag_custom_page_level_css":"","site-sidebar-layout":"default","site-content-layout":"page-builder","ast-site-content-layout":"full-width-container","site-content-style":"unboxed","site-sidebar-style":"unboxed","ast-global-header-display":"","ast-banner-title-visibility":"","ast-main-header-display":"","ast-hfb-above-header-display":"","ast-hfb-below-header-display":"","ast-hfb-mobile-header-display":"","site-post-title":"disabled","ast-breadcrumbs-content":"disabled","ast-featured-img":"disabled","footer-sml-layout":"","ast-disable-related-posts":"","theme-transparent-header-meta":"default","adv-header-id-meta":"","stick-header-meta":"enabled","header-above-stick-meta":"","header-main-stick-meta":"on","header-below-stick-meta":"","astra-migrate-meta-layouts":"set","ast-page-background-enabled":"default","ast-page-background-meta":{"desktop":{"background-color":"","background-image":"","background-repeat":"repeat","background-position":"center center","background-size":"auto","background-attachment":"scroll","background-type":"","background-media":"","overlay-type":"","overlay-color":"","overlay-opacity":"","overlay-gradient":""},"tablet":{"background-color":"","background-image":"","background-repeat":"repeat","background-position":"center center","background-size":"auto","background-attachment":"scroll","background-type":"","background-media":"","overlay-type":"","overlay-color":"","overlay-opacity":"","overlay-gradient":""},"mobile":{"background-color":"","background-image":"","background-repeat":"repeat","background-position":"center center","background-size":"auto","background-attachment":"scroll","background-type":"","background-media":"","overlay-type":"","overlay-color":"","overlay-opacity":"","overlay-gradient":""}},"ast-content-background-meta":{"desktop":{"background-color":"var(--ast-global-color-5)","background-image":"","background-repeat":"repeat","background-position":"center center","background-size":"auto","background-attachment":"scroll","background-type":"","background-media":"","overlay-type":"","overlay-color":"","overlay-opacity":"","overlay-gradient":""},"tablet":{"background-color":"var(--ast-global-color-5)","background-image":"","background-repeat":"repeat","background-position":"center center","background-size":"auto","background-attachment":"scroll","background-type":"","background-media":"","overlay-type":"","overlay-color":"","overlay-opacity":"","overlay-gradient":""},"mobile":{"background-color":"var(--ast-global-color-5)","background-image":"","background-repeat":"repeat","background-position":"center center","background-size":"auto","background-attachment":"scroll","background-type":"","background-media":"","overlay-type":"","overlay-color":"","overlay-opacity":"","overlay-gradient":""}},"footnotes":""},"class_list":["post-27","page","type-page","status-publish","hentry"],"yoast_head":"<!-- This site is optimized with the Yoast SEO plugin v27.5 - https:\/\/yoast.com\/product\/yoast-seo-wordpress\/ -->\n<title>About Me - Carolina C\u00e1ceres<\/title>\n<meta name=\"description\" content=\"I\u2019m a Professional Coach specialized in guiding and accompanying personal change. I help people connect with their genuine passion.\" \/>\n<meta name=\"robots\" content=\"index, follow, max-snippet:-1, max-image-preview:large, max-video-preview:-1\" \/>\n<link rel=\"canonical\" href=\"https:\/\/carolinacaceres.com\/en\/about-me\/\" \/>\n<meta property=\"og:locale\" content=\"en_US\" \/>\n<meta property=\"og:type\" content=\"article\" \/>\n<meta property=\"og:title\" content=\"Carolina C\u00e1ceres\" \/>\n<meta property=\"og:description\" content=\"Soy una apasionada de la vida, de esp\u00edritu perseverante e incansable cuando tengo una meta en mente, e impetuosa con mis sue\u00f1os y visiones.\" \/>\n<meta property=\"og:url\" content=\"https:\/\/carolinacaceres.com\/en\/about-me\/\" \/>\n<meta property=\"og:site_name\" content=\"Carolina C\u00e1ceres\" \/>\n<meta property=\"article:modified_time\" content=\"2024-11-27T23:18:31+00:00\" \/>\n<meta property=\"og:image\" content=\"https:\/\/carolinacaceres.com\/en\/wp-content\/uploads\/2020\/07\/facebook-sobre-mi.jpg\" \/>\n\t<meta property=\"og:image:width\" content=\"1200\" \/>\n\t<meta property=\"og:image:height\" content=\"627\" \/>\n\t<meta property=\"og:image:type\" content=\"image\/jpeg\" \/>\n<meta name=\"twitter:card\" content=\"summary_large_image\" \/>\n<meta name=\"twitter:label1\" content=\"Est. reading time\" \/>\n\t<meta name=\"twitter:data1\" content=\"3 minutes\" \/>\n<script type=\"application\/ld+json\" class=\"yoast-schema-graph\">{\"@context\":\"https:\\\/\\\/schema.org\",\"@graph\":[{\"@type\":\"WebPage\",\"@id\":\"https:\\\/\\\/carolinacaceres.com\\\/en\\\/about-me\\\/\",\"url\":\"https:\\\/\\\/carolinacaceres.com\\\/en\\\/about-me\\\/\",\"name\":\"About Me - Carolina C\u00e1ceres\",\"isPartOf\":{\"@id\":\"https:\\\/\\\/carolinacaceres.com\\\/en\\\/#website\"},\"primaryImageOfPage\":{\"@id\":\"https:\\\/\\\/carolinacaceres.com\\\/en\\\/about-me\\\/#primaryimage\"},\"image\":{\"@id\":\"https:\\\/\\\/carolinacaceres.com\\\/en\\\/about-me\\\/#primaryimage\"},\"thumbnailUrl\":\"https:\\\/\\\/carolinacaceres.com\\\/en\\\/wp-content\\\/uploads\\\/2020\\\/08\\\/carolina-caceres-coach2.jpg\",\"datePublished\":\"2017-08-01T14:48:15+00:00\",\"dateModified\":\"2024-11-27T23:18:31+00:00\",\"description\":\"I\u2019m a Professional Coach specialized in guiding and accompanying personal change. I help people connect with their genuine passion.\",\"inLanguage\":\"en-US\",\"potentialAction\":[{\"@type\":\"ReadAction\",\"target\":[\"https:\\\/\\\/carolinacaceres.com\\\/en\\\/about-me\\\/\"]}]},{\"@type\":\"ImageObject\",\"inLanguage\":\"en-US\",\"@id\":\"https:\\\/\\\/carolinacaceres.com\\\/en\\\/about-me\\\/#primaryimage\",\"url\":\"https:\\\/\\\/carolinacaceres.com\\\/en\\\/wp-content\\\/uploads\\\/2020\\\/08\\\/carolina-caceres-coach2.jpg\",\"contentUrl\":\"https:\\\/\\\/carolinacaceres.com\\\/en\\\/wp-content\\\/uploads\\\/2020\\\/08\\\/carolina-caceres-coach2.jpg\",\"width\":700,\"height\":700},{\"@type\":\"WebSite\",\"@id\":\"https:\\\/\\\/carolinacaceres.com\\\/en\\\/#website\",\"url\":\"https:\\\/\\\/carolinacaceres.com\\\/en\\\/\",\"name\":\"Carolina C\u00e1ceres\",\"description\":\"Sesiones de Bioneuroemoci\u00f3n\u00ae, Descodificaci\u00f3n Dental, PSYCH-K\u00ae, Fisioenerg\u00e9tica, Kinesiolog\u00eda Holistica, Coach Ontol\u00f3gico. En Buenos Aires, Argentina.\",\"publisher\":{\"@id\":\"https:\\\/\\\/carolinacaceres.com\\\/en\\\/#\\\/schema\\\/person\\\/e54b464bd2ec431b9bf2f892cfff540b\"},\"potentialAction\":[{\"@type\":\"SearchAction\",\"target\":{\"@type\":\"EntryPoint\",\"urlTemplate\":\"https:\\\/\\\/carolinacaceres.com\\\/en\\\/?s={search_term_string}\"},\"query-input\":{\"@type\":\"PropertyValueSpecification\",\"valueRequired\":true,\"valueName\":\"search_term_string\"}}],\"inLanguage\":\"en-US\"},{\"@type\":[\"Person\",\"Organization\"],\"@id\":\"https:\\\/\\\/carolinacaceres.com\\\/en\\\/#\\\/schema\\\/person\\\/e54b464bd2ec431b9bf2f892cfff540b\",\"name\":\"Carolina C\u00e1ceres\",\"image\":{\"@type\":\"ImageObject\",\"inLanguage\":\"en-US\",\"@id\":\"https:\\\/\\\/carolinacaceres.com\\\/en\\\/wp-content\\\/uploads\\\/2020\\\/08\\\/carolina-caceres2020.png\",\"url\":\"https:\\\/\\\/carolinacaceres.com\\\/en\\\/wp-content\\\/uploads\\\/2020\\\/08\\\/carolina-caceres2020.png\",\"contentUrl\":\"https:\\\/\\\/carolinacaceres.com\\\/en\\\/wp-content\\\/uploads\\\/2020\\\/08\\\/carolina-caceres2020.png\",\"width\":570,\"height\":116,\"caption\":\"Carolina C\u00e1ceres\"},\"logo\":{\"@id\":\"https:\\\/\\\/carolinacaceres.com\\\/en\\\/wp-content\\\/uploads\\\/2020\\\/08\\\/carolina-caceres2020.png\"}}]}<\/script>\n<!-- \/ Yoast SEO plugin. -->","yoast_head_json":{"title":"About Me - Carolina C\u00e1ceres","description":"I\u2019m a Professional Coach specialized in guiding and accompanying personal change. I help people connect with their genuine passion.","robots":{"index":"index","follow":"follow","max-snippet":"max-snippet:-1","max-image-preview":"max-image-preview:large","max-video-preview":"max-video-preview:-1"},"canonical":"https:\/\/carolinacaceres.com\/en\/about-me\/","og_locale":"en_US","og_type":"article","og_title":"Carolina C\u00e1ceres","og_description":"Soy una apasionada de la vida, de esp\u00edritu perseverante e incansable cuando tengo una meta en mente, e impetuosa con mis sue\u00f1os y visiones.","og_url":"https:\/\/carolinacaceres.com\/en\/about-me\/","og_site_name":"Carolina C\u00e1ceres","article_modified_time":"2024-11-27T23:18:31+00:00","og_image":[{"width":1200,"height":627,"url":"https:\/\/carolinacaceres.com\/en\/wp-content\/uploads\/2020\/07\/facebook-sobre-mi.jpg","type":"image\/jpeg"}],"twitter_card":"summary_large_image","twitter_misc":{"Est. reading time":"3 minutes"},"schema":{"@context":"https:\/\/schema.org","@graph":[{"@type":"WebPage","@id":"https:\/\/carolinacaceres.com\/en\/about-me\/","url":"https:\/\/carolinacaceres.com\/en\/about-me\/","name":"About Me - Carolina C\u00e1ceres","isPartOf":{"@id":"https:\/\/carolinacaceres.com\/en\/#website"},"primaryImageOfPage":{"@id":"https:\/\/carolinacaceres.com\/en\/about-me\/#primaryimage"},"image":{"@id":"https:\/\/carolinacaceres.com\/en\/about-me\/#primaryimage"},"thumbnailUrl":"https:\/\/carolinacaceres.com\/en\/wp-content\/uploads\/2020\/08\/carolina-caceres-coach2.jpg","datePublished":"2017-08-01T14:48:15+00:00","dateModified":"2024-11-27T23:18:31+00:00","description":"I\u2019m a Professional Coach specialized in guiding and accompanying personal change. I help people connect with their genuine passion.","inLanguage":"en-US","potentialAction":[{"@type":"ReadAction","target":["https:\/\/carolinacaceres.com\/en\/about-me\/"]}]},{"@type":"ImageObject","inLanguage":"en-US","@id":"https:\/\/carolinacaceres.com\/en\/about-me\/#primaryimage","url":"https:\/\/carolinacaceres.com\/en\/wp-content\/uploads\/2020\/08\/carolina-caceres-coach2.jpg","contentUrl":"https:\/\/carolinacaceres.com\/en\/wp-content\/uploads\/2020\/08\/carolina-caceres-coach2.jpg","width":700,"height":700},{"@type":"WebSite","@id":"https:\/\/carolinacaceres.com\/en\/#website","url":"https:\/\/carolinacaceres.com\/en\/","name":"Carolina C\u00e1ceres","description":"Sesiones de Bioneuroemoci\u00f3n\u00ae, Descodificaci\u00f3n Dental, PSYCH-K\u00ae, Fisioenerg\u00e9tica, Kinesiolog\u00eda Holistica, Coach Ontol\u00f3gico. En Buenos Aires, Argentina.","publisher":{"@id":"https:\/\/carolinacaceres.com\/en\/#\/schema\/person\/e54b464bd2ec431b9bf2f892cfff540b"},"potentialAction":[{"@type":"SearchAction","target":{"@type":"EntryPoint","urlTemplate":"https:\/\/carolinacaceres.com\/en\/?s={search_term_string}"},"query-input":{"@type":"PropertyValueSpecification","valueRequired":true,"valueName":"search_term_string"}}],"inLanguage":"en-US"},{"@type":["Person","Organization"],"@id":"https:\/\/carolinacaceres.com\/en\/#\/schema\/person\/e54b464bd2ec431b9bf2f892cfff540b","name":"Carolina C\u00e1ceres","image":{"@type":"ImageObject","inLanguage":"en-US","@id":"https:\/\/carolinacaceres.com\/en\/wp-content\/uploads\/2020\/08\/carolina-caceres2020.png","url":"https:\/\/carolinacaceres.com\/en\/wp-content\/uploads\/2020\/08\/carolina-caceres2020.png","contentUrl":"https:\/\/carolinacaceres.com\/en\/wp-content\/uploads\/2020\/08\/carolina-caceres2020.png","width":570,"height":116,"caption":"Carolina C\u00e1ceres"},"logo":{"@id":"https:\/\/carolinacaceres.com\/en\/wp-content\/uploads\/2020\/08\/carolina-caceres2020.png"}}]}},"uagb_featured_image_src":{"full":false,"thumbnail":false,"medium":false,"medium_large":false,"large":false,"rpg_gallery_admin_thumb":false,"rpg_gallery_thumb":false,"1536x1536":false,"2048x2048":false},"uagb_author_info":{"display_name":"Carolina C\u00e1ceres","author_link":"https:\/\/carolinacaceres.com\/en\/author\/caroadmin\/"},"uagb_comment_info":0,"uagb_excerpt":null,"_links":{"self":[{"href":"https:\/\/carolinacaceres.com\/en\/wp-json\/wp\/v2\/pages\/27","targetHints":{"allow":["GET"]}}],"collection":[{"href":"https:\/\/carolinacaceres.com\/en\/wp-json\/wp\/v2\/pages"}],"about":[{"href":"https:\/\/carolinacaceres.com\/en\/wp-json\/wp\/v2\/types\/page"}],"author":[{"embeddable":true,"href":"https:\/\/carolinacaceres.com\/en\/wp-json\/wp\/v2\/users\/2"}],"replies":[{"embeddable":true,"href":"https:\/\/carolinacaceres.com\/en\/wp-json\/wp\/v2\/comments?post=27"}],"version-history":[{"count":10,"href":"https:\/\/carolinacaceres.com\/en\/wp-json\/wp\/v2\/pages\/27\/revisions"}],"predecessor-version":[{"id":3677,"href":"https:\/\/carolinacaceres.com\/en\/wp-json\/wp\/v2\/pages\/27\/revisions\/3677"}],"wp:attachment":[{"href":"https:\/\/carolinacaceres.com\/en\/wp-json\/wp\/v2\/media?parent=27"}],"curies":[{"name":"wp","href":"https:\/\/api.w.org\/{rel}","templated":true}]}}