{"id":18,"date":"2017-08-01T11:47:12","date_gmt":"2017-08-01T14:47:12","guid":{"rendered":"https:\/\/carolinacaceres.com\/en\/?page_id=18"},"modified":"2024-11-27T20:21:00","modified_gmt":"2024-11-27T23:21:00","slug":"contact","status":"publish","type":"page","link":"https:\/\/carolinacaceres.com\/en\/contact\/","title":{"rendered":"Contact"},"content":{"rendered":"\n<section class=\"wp-block-uagb-section uagb-section__wrap uagb-section__background-image uagb-block-d5124b58\"><div class=\"uagb-section__overlay\"><\/div><div class=\"uagb-section__inner-wrap\">\n<div class=\"wp-block-uagb-advanced-heading uagb-block-95ed514f\" id=\"uagb-adv-heading-39e34168-4059-4c71-9558-eae261c0d5e4\"><h1 class=\"uagb-heading-text\">Contact<\/h1><\/div>\n<\/div><\/section>\n\n\n\n<section class=\"wp-block-uagb-columns uagb-columns__wrap uagb-columns__background-none uagb-columns__stack-mobile uagb-columns__valign- uagb-columns__gap-10 align uagb-block-7b8f72d8 uagb-columns__columns-2 uagb-columns__max_width-theme\"><div class=\"uagb-columns__overlay\"><\/div><div class=\"uagb-columns__inner-wrap uagb-columns__columns-2\">\n<div class=\"wp-block-uagb-column uagb-column__wrap uagb-column__background-color uagb-block-6309a6be\"><div class=\"uagb-column__overlay\"><\/div>\n<h4 class=\"wp-block-heading has-ast-global-color-0-color has-text-color\">Schedule a 15-minute session to meet us, evaluate your case, and guide the best way for your transformation.<\/h4>\n\n\n\t\t\t\t<div class = \"wp-block-uagb-cf7-styler uagb-cf7-styler__outer-wrap uagb-block-2f786d8e   \">\n\t\t\t\t\t<div class = \"uagb-cf7-styler__align-left uagb-cf7-styler__field-style-box uagb-cf7-styler__btn-align-right uagb-cf7-styler__btn-align-tablet- uagb-cf7-styler__btn-align-mobile- uagb-cf7-styler__highlight-style-default uagb-cf7-styler__check-style-enabled\">\n\t\t\t\t\t\n<div class=\"wpcf7 no-js\" id=\"wpcf7-f2009-o1\" lang=\"es-ES\" dir=\"ltr\" data-wpcf7-id=\"2009\">\n<div class=\"screen-reader-response\"><p role=\"status\" aria-live=\"polite\" aria-atomic=\"true\"><\/p> <ul><\/ul><\/div>\n<form action=\"\/en\/wp-json\/wp\/v2\/pages\/18#wpcf7-f2009-o1\" method=\"post\" class=\"wpcf7-form init\" aria-label=\"Formulario de contacto\" novalidate=\"novalidate\" data-status=\"init\">\n<fieldset class=\"hidden-fields-container\"><input type=\"hidden\" name=\"_wpcf7\" value=\"2009\" \/><input type=\"hidden\" name=\"_wpcf7_version\" value=\"6.1.5\" \/><input type=\"hidden\" name=\"_wpcf7_locale\" value=\"es_ES\" \/><input type=\"hidden\" name=\"_wpcf7_unit_tag\" value=\"wpcf7-f2009-o1\" \/><input type=\"hidden\" name=\"_wpcf7_container_post\" value=\"0\" \/><input type=\"hidden\" name=\"_wpcf7_posted_data_hash\" value=\"\" \/><input type=\"hidden\" name=\"_wpcf7dtx_version\" value=\"5.0.5\" \/><input type=\"hidden\" name=\"_wpcf7_recaptcha_response\" value=\"\" \/>\n<\/fieldset>\n<p><label>Full name <span class=\"red\">*<\/span><\/label><br \/>\n<span class=\"wpcf7-form-control-wrap\" data-name=\"your-name\"><input size=\"40\" maxlength=\"400\" class=\"wpcf7-form-control wpcf7-text wpcf7-validates-as-required\" aria-required=\"true\" aria-invalid=\"false\" value=\"\" type=\"text\" name=\"your-name\" \/><\/span>\n<\/p>\n<p><label>Email <span class=\"red\">*<\/span><\/label><br \/>\n<span class=\"wpcf7-form-control-wrap\" data-name=\"your-email\"><input size=\"40\" maxlength=\"400\" class=\"wpcf7-form-control wpcf7-email wpcf7-validates-as-required wpcf7-text wpcf7-validates-as-email\" aria-required=\"true\" aria-invalid=\"false\" value=\"\" type=\"email\" name=\"your-email\" \/><\/span>\n<\/p>\n<p><label>Phone<\/label><br \/>\n<span class=\"wpcf7-form-control-wrap\" data-name=\"your-tel\"><input size=\"40\" maxlength=\"400\" class=\"wpcf7-form-control wpcf7-text\" aria-invalid=\"false\" value=\"\" type=\"text\" name=\"your-tel\" \/><\/span>\n<\/p>\n<p><label>Message <span class=\"red\">*<\/span><\/label><br \/>\n<span class=\"wpcf7-form-control-wrap\" data-name=\"your-message\"><textarea cols=\"40\" rows=\"10\" maxlength=\"2000\" class=\"wpcf7-form-control wpcf7-textarea wpcf7-validates-as-required\" aria-required=\"true\" aria-invalid=\"false\" name=\"your-message\"><\/textarea><\/span>\n<\/p>\n<p><input class=\"wpcf7-form-control wpcf7-submit has-spinner\" type=\"submit\" value=\"Send\" \/>\n<\/p><p style=\"display: none !important;\" class=\"akismet-fields-container\" data-prefix=\"_wpcf7_ak_\"><label>&#916;<textarea name=\"_wpcf7_ak_hp_textarea\" cols=\"45\" rows=\"8\" maxlength=\"100\"><\/textarea><\/label><input type=\"hidden\" id=\"ak_js_1\" name=\"_wpcf7_ak_js\" value=\"172\"\/><script>\ndocument.getElementById( \"ak_js_1\" ).setAttribute( \"value\", ( new Date() ).getTime() );\n<\/script>\n<\/p><div class=\"wpcf7-response-output\" aria-hidden=\"true\"><\/div>\n<\/form>\n<\/div>\n\t\t\t\t\t<\/div>\n\t\t\t\t<\/div>\n\t\t\t\t<\/div>\n\n\n\n<div class=\"wp-block-uagb-column uagb-column__wrap uagb-column__background-undefined uagb-block-570a9639\"><div class=\"uagb-column__overlay\"><\/div>\n<h4 class=\"wp-block-heading has-ast-global-color-0-color has-text-color\">Online Sessions<\/h4>\n\n\n\n<p>Videocalls by Zoom.<\/p>\n\n\n\n<hr class=\"wp-block-separator has-css-opacity is-style-wide\"\/>\n\n\n\n<h4 class=\"wp-block-heading has-ast-global-color-0-color has-text-color\">On-site Sessions in Argentina<\/h4>\n\n\n\n<p>San Martin de los Ande, Argentina.<\/p>\n\n\n\n<hr class=\"wp-block-separator has-css-opacity is-style-wide\"\/>\n\n\n\n<h4 class=\"wp-block-heading has-ast-global-color-0-color has-text-color\">Join my newsletter<\/h4>\n\n\n\n<p><a href=\"http:\/\/eepurl.com\/gCP9kj\" target=\"_blank\" rel=\"noreferrer noopener nofollow\">Subscribe your Email<\/a><\/p>\n<\/div>\n<\/div><\/section>\n","protected":false},"excerpt":{"rendered":"<p>Schedule a 15-minute session to meet us, evaluate your case, and guide the best way for your transformation. Online Sessions Videocalls by Zoom. On-site Sessions in Argentina San Martin de los Ande, Argentina. Join my newsletter Subscribe your Email<\/p>\n","protected":false},"author":2,"featured_media":3352,"parent":0,"menu_order":0,"comment_status":"closed","ping_status":"closed","template":"","meta":{"_uag_custom_page_level_css":"","site-sidebar-layout":"no-sidebar","site-content-layout":"page-builder","ast-site-content-layout":"full-width-container","site-content-style":"unboxed","site-sidebar-style":"unboxed","ast-global-header-display":"","ast-banner-title-visibility":"","ast-main-header-display":"","ast-hfb-above-header-display":"","ast-hfb-below-header-display":"","ast-hfb-mobile-header-display":"","site-post-title":"disabled","ast-breadcrumbs-content":"disabled","ast-featured-img":"disabled","footer-sml-layout":"","ast-disable-related-posts":"","theme-transparent-header-meta":"default","adv-header-id-meta":"","stick-header-meta":"enabled","header-above-stick-meta":"","header-main-stick-meta":"on","header-below-stick-meta":"","astra-migrate-meta-layouts":"set","ast-page-background-enabled":"default","ast-page-background-meta":{"desktop":{"background-color":"","background-image":"","background-repeat":"repeat","background-position":"center center","background-size":"auto","background-attachment":"scroll","background-type":"","background-media":"","overlay-type":"","overlay-color":"","overlay-opacity":"","overlay-gradient":""},"tablet":{"background-color":"","background-image":"","background-repeat":"repeat","background-position":"center center","background-size":"auto","background-attachment":"scroll","background-type":"","background-media":"","overlay-type":"","overlay-color":"","overlay-opacity":"","overlay-gradient":""},"mobile":{"background-color":"","background-image":"","background-repeat":"repeat","background-position":"center center","background-size":"auto","background-attachment":"scroll","background-type":"","background-media":"","overlay-type":"","overlay-color":"","overlay-opacity":"","overlay-gradient":""}},"ast-content-background-meta":{"desktop":{"background-color":"var(--ast-global-color-5)","background-image":"","background-repeat":"repeat","background-position":"center center","background-size":"auto","background-attachment":"scroll","background-type":"","background-media":"","overlay-type":"","overlay-color":"","overlay-opacity":"","overlay-gradient":""},"tablet":{"background-color":"var(--ast-global-color-5)","background-image":"","background-repeat":"repeat","background-position":"center center","background-size":"auto","background-attachment":"scroll","background-type":"","background-media":"","overlay-type":"","overlay-color":"","overlay-opacity":"","overlay-gradient":""},"mobile":{"background-color":"var(--ast-global-color-5)","background-image":"","background-repeat":"repeat","background-position":"center center","background-size":"auto","background-attachment":"scroll","background-type":"","background-media":"","overlay-type":"","overlay-color":"","overlay-opacity":"","overlay-gradient":""}},"footnotes":""},"class_list":["post-18","page","type-page","status-publish","has-post-thumbnail","hentry"],"yoast_head":"<!-- This site is optimized with the Yoast SEO plugin v27.5 - https:\/\/yoast.com\/product\/yoast-seo-wordpress\/ -->\n<title>Contact - Carolina C\u00e1ceres<\/title>\n<meta name=\"description\" content=\"Contactame para m\u00e1s informaci\u00f3n sobre sesiones de Bioneuroemoci\u00f3n\u00ae, PNL, PSYCH-K\u00ae, PER-k\u00ae y Coach Sist\u00e9mico.\" \/>\n<meta name=\"robots\" content=\"index, follow, max-snippet:-1, max-image-preview:large, max-video-preview:-1\" \/>\n<link rel=\"canonical\" href=\"https:\/\/carolinacaceres.com\/en\/contact\/\" \/>\n<meta property=\"og:locale\" content=\"en_US\" \/>\n<meta property=\"og:type\" content=\"article\" \/>\n<meta property=\"og:title\" content=\"Contact - Carolina C\u00e1ceres\" \/>\n<meta property=\"og:description\" content=\"Contactame para m\u00e1s informaci\u00f3n sobre sesiones de Bioneuroemoci\u00f3n\u00ae, PNL, PSYCH-K\u00ae, PER-k\u00ae y Coach Sist\u00e9mico.\" \/>\n<meta property=\"og:url\" content=\"https:\/\/carolinacaceres.com\/en\/contact\/\" \/>\n<meta property=\"og:site_name\" content=\"Carolina C\u00e1ceres\" \/>\n<meta property=\"article:modified_time\" content=\"2024-11-27T23:21:00+00:00\" \/>\n<meta property=\"og:image\" content=\"https:\/\/carolinacaceres.com\/en\/wp-content\/uploads\/2021\/02\/bgHome.jpg\" \/>\n\t<meta property=\"og:image:width\" content=\"800\" \/>\n\t<meta property=\"og:image:height\" content=\"600\" \/>\n\t<meta property=\"og:image:type\" content=\"image\/jpeg\" \/>\n<meta name=\"twitter:card\" content=\"summary_large_image\" \/>\n<meta name=\"twitter:label1\" content=\"Est. reading time\" \/>\n\t<meta name=\"twitter:data1\" content=\"1 minute\" \/>\n<script type=\"application\/ld+json\" class=\"yoast-schema-graph\">{\"@context\":\"https:\\\/\\\/schema.org\",\"@graph\":[{\"@type\":\"WebPage\",\"@id\":\"https:\\\/\\\/carolinacaceres.com\\\/en\\\/contact\\\/\",\"url\":\"https:\\\/\\\/carolinacaceres.com\\\/en\\\/contact\\\/\",\"name\":\"Contact - Carolina C\u00e1ceres\",\"isPartOf\":{\"@id\":\"https:\\\/\\\/carolinacaceres.com\\\/en\\\/#website\"},\"primaryImageOfPage\":{\"@id\":\"https:\\\/\\\/carolinacaceres.com\\\/en\\\/contact\\\/#primaryimage\"},\"image\":{\"@id\":\"https:\\\/\\\/carolinacaceres.com\\\/en\\\/contact\\\/#primaryimage\"},\"thumbnailUrl\":\"https:\\\/\\\/carolinacaceres.com\\\/en\\\/wp-content\\\/uploads\\\/2021\\\/02\\\/bgHome.jpg\",\"datePublished\":\"2017-08-01T14:47:12+00:00\",\"dateModified\":\"2024-11-27T23:21:00+00:00\",\"description\":\"Contactame para m\u00e1s informaci\u00f3n sobre sesiones de Bioneuroemoci\u00f3n\u00ae, PNL, PSYCH-K\u00ae, PER-k\u00ae y Coach Sist\u00e9mico.\",\"inLanguage\":\"en-US\",\"potentialAction\":[{\"@type\":\"ReadAction\",\"target\":[\"https:\\\/\\\/carolinacaceres.com\\\/en\\\/contact\\\/\"]}]},{\"@type\":\"ImageObject\",\"inLanguage\":\"en-US\",\"@id\":\"https:\\\/\\\/carolinacaceres.com\\\/en\\\/contact\\\/#primaryimage\",\"url\":\"https:\\\/\\\/carolinacaceres.com\\\/en\\\/wp-content\\\/uploads\\\/2021\\\/02\\\/bgHome.jpg\",\"contentUrl\":\"https:\\\/\\\/carolinacaceres.com\\\/en\\\/wp-content\\\/uploads\\\/2021\\\/02\\\/bgHome.jpg\",\"width\":800,\"height\":600},{\"@type\":\"WebSite\",\"@id\":\"https:\\\/\\\/carolinacaceres.com\\\/en\\\/#website\",\"url\":\"https:\\\/\\\/carolinacaceres.com\\\/en\\\/\",\"name\":\"Carolina C\u00e1ceres\",\"description\":\"Sesiones de Bioneuroemoci\u00f3n\u00ae, Descodificaci\u00f3n Dental, PSYCH-K\u00ae, Fisioenerg\u00e9tica, Kinesiolog\u00eda Holistica, Coach Ontol\u00f3gico. En Buenos Aires, Argentina.\",\"publisher\":{\"@id\":\"https:\\\/\\\/carolinacaceres.com\\\/en\\\/#\\\/schema\\\/person\\\/e54b464bd2ec431b9bf2f892cfff540b\"},\"potentialAction\":[{\"@type\":\"SearchAction\",\"target\":{\"@type\":\"EntryPoint\",\"urlTemplate\":\"https:\\\/\\\/carolinacaceres.com\\\/en\\\/?s={search_term_string}\"},\"query-input\":{\"@type\":\"PropertyValueSpecification\",\"valueRequired\":true,\"valueName\":\"search_term_string\"}}],\"inLanguage\":\"en-US\"},{\"@type\":[\"Person\",\"Organization\"],\"@id\":\"https:\\\/\\\/carolinacaceres.com\\\/en\\\/#\\\/schema\\\/person\\\/e54b464bd2ec431b9bf2f892cfff540b\",\"name\":\"Carolina C\u00e1ceres\",\"image\":{\"@type\":\"ImageObject\",\"inLanguage\":\"en-US\",\"@id\":\"https:\\\/\\\/carolinacaceres.com\\\/en\\\/wp-content\\\/uploads\\\/2020\\\/08\\\/carolina-caceres2020.png\",\"url\":\"https:\\\/\\\/carolinacaceres.com\\\/en\\\/wp-content\\\/uploads\\\/2020\\\/08\\\/carolina-caceres2020.png\",\"contentUrl\":\"https:\\\/\\\/carolinacaceres.com\\\/en\\\/wp-content\\\/uploads\\\/2020\\\/08\\\/carolina-caceres2020.png\",\"width\":570,\"height\":116,\"caption\":\"Carolina C\u00e1ceres\"},\"logo\":{\"@id\":\"https:\\\/\\\/carolinacaceres.com\\\/en\\\/wp-content\\\/uploads\\\/2020\\\/08\\\/carolina-caceres2020.png\"}}]}<\/script>\n<!-- \/ Yoast SEO plugin. -->","yoast_head_json":{"title":"Contact - Carolina C\u00e1ceres","description":"Contactame para m\u00e1s informaci\u00f3n sobre sesiones de Bioneuroemoci\u00f3n\u00ae, PNL, PSYCH-K\u00ae, PER-k\u00ae y Coach Sist\u00e9mico.","robots":{"index":"index","follow":"follow","max-snippet":"max-snippet:-1","max-image-preview":"max-image-preview:large","max-video-preview":"max-video-preview:-1"},"canonical":"https:\/\/carolinacaceres.com\/en\/contact\/","og_locale":"en_US","og_type":"article","og_title":"Contact - Carolina C\u00e1ceres","og_description":"Contactame para m\u00e1s informaci\u00f3n sobre sesiones de Bioneuroemoci\u00f3n\u00ae, PNL, PSYCH-K\u00ae, PER-k\u00ae y Coach Sist\u00e9mico.","og_url":"https:\/\/carolinacaceres.com\/en\/contact\/","og_site_name":"Carolina C\u00e1ceres","article_modified_time":"2024-11-27T23:21:00+00:00","og_image":[{"width":800,"height":600,"url":"https:\/\/carolinacaceres.com\/en\/wp-content\/uploads\/2021\/02\/bgHome.jpg","type":"image\/jpeg"}],"twitter_card":"summary_large_image","twitter_misc":{"Est. reading time":"1 minute"},"schema":{"@context":"https:\/\/schema.org","@graph":[{"@type":"WebPage","@id":"https:\/\/carolinacaceres.com\/en\/contact\/","url":"https:\/\/carolinacaceres.com\/en\/contact\/","name":"Contact - Carolina C\u00e1ceres","isPartOf":{"@id":"https:\/\/carolinacaceres.com\/en\/#website"},"primaryImageOfPage":{"@id":"https:\/\/carolinacaceres.com\/en\/contact\/#primaryimage"},"image":{"@id":"https:\/\/carolinacaceres.com\/en\/contact\/#primaryimage"},"thumbnailUrl":"https:\/\/carolinacaceres.com\/en\/wp-content\/uploads\/2021\/02\/bgHome.jpg","datePublished":"2017-08-01T14:47:12+00:00","dateModified":"2024-11-27T23:21:00+00:00","description":"Contactame para m\u00e1s informaci\u00f3n sobre sesiones de Bioneuroemoci\u00f3n\u00ae, PNL, PSYCH-K\u00ae, PER-k\u00ae y Coach Sist\u00e9mico.","inLanguage":"en-US","potentialAction":[{"@type":"ReadAction","target":["https:\/\/carolinacaceres.com\/en\/contact\/"]}]},{"@type":"ImageObject","inLanguage":"en-US","@id":"https:\/\/carolinacaceres.com\/en\/contact\/#primaryimage","url":"https:\/\/carolinacaceres.com\/en\/wp-content\/uploads\/2021\/02\/bgHome.jpg","contentUrl":"https:\/\/carolinacaceres.com\/en\/wp-content\/uploads\/2021\/02\/bgHome.jpg","width":800,"height":600},{"@type":"WebSite","@id":"https:\/\/carolinacaceres.com\/en\/#website","url":"https:\/\/carolinacaceres.com\/en\/","name":"Carolina C\u00e1ceres","description":"Sesiones de Bioneuroemoci\u00f3n\u00ae, Descodificaci\u00f3n Dental, PSYCH-K\u00ae, Fisioenerg\u00e9tica, Kinesiolog\u00eda Holistica, Coach Ontol\u00f3gico. En Buenos Aires, Argentina.","publisher":{"@id":"https:\/\/carolinacaceres.com\/en\/#\/schema\/person\/e54b464bd2ec431b9bf2f892cfff540b"},"potentialAction":[{"@type":"SearchAction","target":{"@type":"EntryPoint","urlTemplate":"https:\/\/carolinacaceres.com\/en\/?s={search_term_string}"},"query-input":{"@type":"PropertyValueSpecification","valueRequired":true,"valueName":"search_term_string"}}],"inLanguage":"en-US"},{"@type":["Person","Organization"],"@id":"https:\/\/carolinacaceres.com\/en\/#\/schema\/person\/e54b464bd2ec431b9bf2f892cfff540b","name":"Carolina C\u00e1ceres","image":{"@type":"ImageObject","inLanguage":"en-US","@id":"https:\/\/carolinacaceres.com\/en\/wp-content\/uploads\/2020\/08\/carolina-caceres2020.png","url":"https:\/\/carolinacaceres.com\/en\/wp-content\/uploads\/2020\/08\/carolina-caceres2020.png","contentUrl":"https:\/\/carolinacaceres.com\/en\/wp-content\/uploads\/2020\/08\/carolina-caceres2020.png","width":570,"height":116,"caption":"Carolina C\u00e1ceres"},"logo":{"@id":"https:\/\/carolinacaceres.com\/en\/wp-content\/uploads\/2020\/08\/carolina-caceres2020.png"}}]}},"uagb_featured_image_src":{"full":["https:\/\/carolinacaceres.com\/en\/wp-content\/uploads\/2021\/02\/bgHome.jpg",800,600,false],"thumbnail":["https:\/\/carolinacaceres.com\/en\/wp-content\/uploads\/2021\/02\/bgHome-400x225.jpg",400,225,true],"medium":["https:\/\/carolinacaceres.com\/en\/wp-content\/uploads\/2021\/02\/bgHome-350x263.jpg",350,263,true],"medium_large":["https:\/\/carolinacaceres.com\/en\/wp-content\/uploads\/2021\/02\/bgHome-768x576.jpg",768,576,true],"large":["https:\/\/carolinacaceres.com\/en\/wp-content\/uploads\/2021\/02\/bgHome.jpg",800,600,false],"rpg_gallery_admin_thumb":["https:\/\/carolinacaceres.com\/en\/wp-content\/uploads\/2021\/02\/bgHome.jpg",150,113,false],"rpg_gallery_thumb":["https:\/\/carolinacaceres.com\/en\/wp-content\/uploads\/2021\/02\/bgHome.jpg",150,113,false],"1536x1536":["https:\/\/carolinacaceres.com\/en\/wp-content\/uploads\/2021\/02\/bgHome.jpg",800,600,false],"2048x2048":["https:\/\/carolinacaceres.com\/en\/wp-content\/uploads\/2021\/02\/bgHome.jpg",800,600,false]},"uagb_author_info":{"display_name":"Carolina C\u00e1ceres","author_link":"https:\/\/carolinacaceres.com\/en\/author\/caroadmin\/"},"uagb_comment_info":0,"uagb_excerpt":"Schedule a 15-minute session to meet us, evaluate your case, and guide the best way for your transformation. Online Sessions Videocalls by Zoom. On-site Sessions in Argentina San Martin de los Ande, Argentina. Join my newsletter Subscribe your Email","_links":{"self":[{"href":"https:\/\/carolinacaceres.com\/en\/wp-json\/wp\/v2\/pages\/18","targetHints":{"allow":["GET"]}}],"collection":[{"href":"https:\/\/carolinacaceres.com\/en\/wp-json\/wp\/v2\/pages"}],"about":[{"href":"https:\/\/carolinacaceres.com\/en\/wp-json\/wp\/v2\/types\/page"}],"author":[{"embeddable":true,"href":"https:\/\/carolinacaceres.com\/en\/wp-json\/wp\/v2\/users\/2"}],"replies":[{"embeddable":true,"href":"https:\/\/carolinacaceres.com\/en\/wp-json\/wp\/v2\/comments?post=18"}],"version-history":[{"count":14,"href":"https:\/\/carolinacaceres.com\/en\/wp-json\/wp\/v2\/pages\/18\/revisions"}],"predecessor-version":[{"id":3682,"href":"https:\/\/carolinacaceres.com\/en\/wp-json\/wp\/v2\/pages\/18\/revisions\/3682"}],"wp:featuredmedia":[{"embeddable":true,"href":"https:\/\/carolinacaceres.com\/en\/wp-json\/wp\/v2\/media\/3352"}],"wp:attachment":[{"href":"https:\/\/carolinacaceres.com\/en\/wp-json\/wp\/v2\/media?parent=18"}],"curies":[{"name":"wp","href":"https:\/\/api.w.org\/{rel}","templated":true}]}}